{"id":3321,"date":"2023-04-04T13:22:37","date_gmt":"2023-04-04T16:22:37","guid":{"rendered":"https:\/\/www.pschile.cl\/piensaenchile\/?page_id=3321"},"modified":"2023-05-04T09:31:55","modified_gmt":"2023-05-04T13:31:55","slug":"marcelo-schilling","status":"publish","type":"page","link":"https:\/\/www.pschile.cl\/piensaenchile\/marcelo-schilling\/","title":{"rendered":"Marcelo Schilling"},"content":{"rendered":"<p><div class=\"fusion-fullwidth fullwidth-box fusion-builder-row-1 fusion-flex-container has-pattern-background has-mask-background hundred-percent-fullwidth non-hundred-percent-height-scrolling\" style=\"background-color: rgba(255,255,255,0);background-position: center center;background-repeat: no-repeat;border-width: 0px 0px 0px 0px;border-color:hsla(var(--awb-color2-h),var(--awb-color2-s),var(--awb-color2-l),calc( var(--awb-color2-a) - 25% ));border-style:solid;\" ><div class=\"fusion-builder-row fusion-row fusion-flex-align-items-stretch\" style=\"width:104% !important;max-width:104% !important;margin-left: calc(-4% \/ 2 );margin-right: calc(-4% \/ 2 );\"><div class=\"fusion-layout-column fusion_builder_column fusion-builder-column-0 fusion-flex-column fusion-column-inner-bg-wrapper fusion-column-hover-type-liftup fusion-column-liftup-border fusion-animated\" data-animationType=\"fadeInLeft\" data-animationDuration=\"1.0\" data-animationOffset=\"top-into-view\"><div class=\"fusion-column-wrapper fusion-flex-justify-content-flex-start fusion-content-layout-column fusion-empty-column-bg-image\" style=\"border-radius:0px 4px 40px 0px;overflow:hidden;padding: 0px 0px 0px 0px;\" data-bg-url=\"https:\/\/www.pschile.cl\/piensaenchile\/wp-content\/uploads\/2023\/04\/BIO_MarceloSchilling.jpg\"><img decoding=\"async\" class=\"fusion-empty-dims-img-placeholder fusion-no-large-visibility\" src=\"data:image\/svg+xml,%3Csvg%20xmlns%3D%27http%3A%2F%2Fwww.w3.org%2F2000%2Fsvg%27%20width%3D%27700%27%20height%3D%271000%27%20viewBox%3D%270%200%20700%201000%27%3E%3Crect%20width%3D%27700%27%20height%3D%271000%27%20fill-opacity%3D%220%22%2F%3E%3C%2Fsvg%3E\"><\/div><span class=\"fusion-column-inner-bg hover-type-liftup\"><span class=\"fusion-column-anchor\"><span class=\"fusion-column-inner-bg-image\" style=\"background-image: url(&#039;https:\/\/www.pschile.cl\/piensaenchile\/wp-content\/uploads\/2023\/04\/BIO_MarceloSchilling.jpg&#039;);background-position:center top;background-repeat:no-repeat;-webkit-background-size:cover;-moz-background-size:cover;-o-background-size:cover;background-size:cover;border-radius:0px 4px 40px 0px;\"><\/span><\/span><\/span><style type=\"text\/css\">.fusion-body .fusion-builder-column-0{width:40% !important;margin-top : -50px;margin-bottom : 0px;}.fusion-builder-column-0 > .fusion-column-wrapper {padding-top : 0px !important;padding-right : 0px !important;margin-right : 14px;padding-bottom : 0px !important;padding-left : 0px !important;margin-left : 4.8%;}.fusion-flex-container .fusion-row .fusion-builder-column-0 > .fusion-column-inner-bg { margin-right:14px;margin-left:4.8%; }@media only screen and (max-width:1024px) {.fusion-body .fusion-builder-column-0{width:100% !important;order : 0;margin-top : 0;}.fusion-builder-column-0 > .fusion-column-wrapper {padding-top : 20vh !important;margin-right : 1.92%;padding-bottom : 20vh !important;margin-left : 1.92%;}.fusion-flex-container .fusion-row .fusion-builder-column-0 > .fusion-column-inner-bg { margin-right:1.92%;margin-left:1.92%; }}@media only screen and (max-width:800px) {.fusion-body .fusion-builder-column-0{width:100% !important;order : 0;margin-top : 15px;}.fusion-builder-column-0 > .fusion-column-wrapper {padding-top : 0px !important;margin-right : 1.92%;padding-bottom : 0px !important;margin-left : 1.92%;}.fusion-flex-container .fusion-row .fusion-builder-column-0 > .fusion-column-inner-bg { margin-right:1.92%;margin-left:1.92%; }}.fusion-builder-column-0 .hover-type-liftup:before{border-radius:0px 4px 40px 0px;}<\/style><\/div><div class=\"fusion-layout-column fusion_builder_column fusion-builder-column-1 fusion-flex-column fusion-animated\" data-animationType=\"fadeInRight\" data-animationDuration=\"0.8\" data-animationOffset=\"top-into-view\"><div class=\"fusion-column-wrapper fusion-flex-justify-content-flex-start fusion-content-layout-column\" style=\"background-position:left top;background-repeat:no-repeat;-webkit-background-size:cover;-moz-background-size:cover;-o-background-size:cover;background-size:cover;padding: 10% 10% 5% 10%;\"><div class=\"fusion-social-links fusion-social-links-1\"><div class=\"fusion-social-networks\"><div class=\"fusion-social-networks-wrapper\"><a class=\"fusion-social-network-icon fusion-tooltip fusion-facebook awb-icon-facebook\" style=\"color:#7a7a7a;font-size:18px;\" data-placement=\"top\" data-title=\"Facebook\" data-toggle=\"tooltip\" title=\"Facebook\" aria-label=\"facebook\" target=\"_blank\" rel=\"noopener noreferrer\" href=\"https:\/\/www.facebook.com\/DistritoSeisZonaInteligente\/\"><\/a><a class=\"fusion-social-network-icon fusion-tooltip fusion-twitter awb-icon-twitter\" style=\"color:#7a7a7a;font-size:18px;\" data-placement=\"top\" data-title=\"Twitter\" data-toggle=\"tooltip\" title=\"Twitter\" aria-label=\"twitter\" target=\"_blank\" rel=\"noopener noreferrer\" href=\"https:\/\/twitter.com\/dip_schilling\"><\/a><\/div><\/div><\/div><style type=\"text\/css\">.fusion-social-links-1{text-align:;}.fusion-social-links-1 .boxed-icons .fusion-social-network-icon{border-top-width:0px !important;border-right-width:0px !important;border-bottom-width:0px !important;border-left-width:0px !important;border-color:var(--awb-color3) !important;}.fusion-social-links-1 .boxed-icons .fusion-social-network-icon:hover{background-color:rgba(232,232,232,0.8) !important;border-color:var(--awb-color4) !important;}.fusion-social-links-1 .fusion-social-network-icon:hover{color:var(--awb-color5) !important;}@media only screen and (max-width:1024px){.fusion-social-links-1{text-align:;} }@media only screen and (max-width:800px){.fusion-social-links-1{text-align:;} }.fusion-social-links-1{ margin-top : 0px;margin-right : 0px;margin-bottom : 25px;margin-left : 0px;}<\/style><style type=\"text\/css\">@media only screen and (max-width:1024px) {.fusion-title.fusion-title-1{margin-top:0px!important; margin-right:0px!important;margin-bottom:20px!important;margin-left:0px!important;}}@media only screen and (max-width:800px) {.fusion-title.fusion-title-1{margin-top:0px!important; margin-right:0px!important;margin-bottom:20px!important; margin-left:0px!important;}}<\/style><div class=\"fusion-title title fusion-title-1 fusion-sep-none fusion-title-text fusion-title-size-two\" style=\"font-size:28px;margin-top:0px;margin-right:0px;margin-bottom:20px;margin-left:0px;\"><h2 class=\"title-heading-left fusion-responsive-typography-calculated\" style=\"margin:0;font-size:1em;color:var(--awb-color5);--fontSize:28;line-height:var(--awb-typography1-line-height);\">Piensa en Chile Vota D-16 &#8211; Regi\u00f3n de Valpara\u00edso<\/h2><\/div><div class=\"fusion-text fusion-text-1\" style=\"font-family:&quot;Open Sans&quot;;font-weight:400;\"><p>Nacido en la ciudad de Temuco. Posee una larga experiencia, tanto en pol\u00edtica como en el mundo laboral p\u00fablico y privado. Entre 1994 y 2000 ejerci\u00f3 como subsecretario de desarrollo regional y administrativo del Gobierno de Chile.<\/p>\n<p>Entre varios otros cargos, se desempe\u00f1\u00f3 como embajador de Chile en Francia (2000 \u2013 2004) y embajador de Chile ante la UNESCO (2003 \u2013 2004). Fue secretario general del Partido Socialista entre 2006 y 2010. En 2008, fue designado como diputado en reemplazo del fallecido Juan Bustos y, posteriormente, fue elegido en el cargo en los periodos de 2010 -2014; 2014 -2018; y 2018- 2022.<\/p>\n<p>\u201cComo Partido Socialista rescatamos los elementos constitucionales de una democracia cl\u00e1sica: divisi\u00f3n de poderes, consagraci\u00f3n de los derechos civiles y pol\u00edticos. Creemos que es posible que as\u00ed como hay un derecho social garantizado, como es el de propiedad, tambi\u00e9n haya otros se puedan garantizar, como el de la salud igual para todos, el de educaci\u00f3n, ojal\u00e1 el de vivienda y por ah\u00ed paras.<\/p>\n<p>Es importante tener una Constituci\u00f3n flexible, que acepte el principio de la mayor\u00eda para el derecho a gobernar y no el de la mayor\u00eda calificada y de qu\u00f3rums especiales\u201d.<\/p>\n<\/div><\/div><style type=\"text\/css\">.fusion-body .fusion-builder-column-1{width:60% !important;margin-top : 0px;margin-bottom : 0px;}.fusion-builder-column-1 > .fusion-column-wrapper {padding-top : 10% !important;padding-right : 10% !important;margin-right : 3.2%;padding-bottom : 5% !important;padding-left : 10% !important;margin-left : 14px;}@media only screen and (max-width:1024px) {.fusion-body .fusion-builder-column-1{width:100% !important;order : 0;}.fusion-builder-column-1 > .fusion-column-wrapper {padding-top : 70px !important;margin-right : 1.92%;padding-bottom : 60px !important;margin-left : 1.92%;}}@media only screen and (max-width:800px) {.fusion-body .fusion-builder-column-1{width:100% !important;order : 0;margin-bottom : 0px;}.fusion-builder-column-1 > .fusion-column-wrapper {padding-top : 7% !important;padding-right : 5% !important;margin-right : 0px;padding-bottom : 50px !important;padding-left : 5% !important;margin-left : 0px;}}<\/style><\/div><\/div><style type=\"text\/css\">.fusion-body .fusion-flex-container.fusion-builder-row-1{ padding-top : 0px;margin-top : 0px;padding-right : 0px;padding-bottom : 0px;margin-bottom : 30px;padding-left : 0px;}@media only screen and (max-width:800px) {.fusion-body .fusion-flex-container.fusion-builder-row-1{ padding-top : 0px;padding-right : 0px;margin-bottom : 0px;padding-left : 0px;}}<\/style><\/div><div class=\"fusion-fullwidth fullwidth-box fusion-builder-row-2 fusion-flex-container has-pattern-background has-mask-background nonhundred-percent-fullwidth non-hundred-percent-height-scrolling\" style=\"background-color: rgba(255,255,255,0);background-position: center center;background-repeat: no-repeat;border-width: 0px 0px 0px 0px;border-color:hsla(var(--awb-color2-h),var(--awb-color2-s),var(--awb-color2-l),calc( var(--awb-color2-a) - 25% ));border-style:solid;\" ><div class=\"fusion-builder-row fusion-row fusion-flex-align-items-flex-start fusion-flex-justify-content-center\" style=\"max-width:1378px;margin-left: calc(-4% \/ 2 );margin-right: calc(-4% \/ 2 );\"><div class=\"fusion-layout-column fusion_builder_column fusion-builder-column-2 fusion-flex-column fusion-animated\" data-animationType=\"fadeInUp\" data-animationDuration=\"1.0\" data-animationOffset=\"top-into-view\"><div class=\"fusion-column-wrapper fusion-flex-justify-content-flex-start fusion-content-layout-column\" style=\"background-position:left top;background-repeat:no-repeat;-webkit-background-size:cover;-moz-background-size:cover;-o-background-size:cover;background-size:cover;padding: 0px 0px 0px 0px;\"><style type=\"text\/css\">@media only screen and (max-width:1024px) {.fusion-title.fusion-title-2{margin-top:0px!important; margin-right:0px!important;margin-bottom:15px!important;margin-left:0px!important;}}@media only screen and (max-width:800px) {.fusion-title.fusion-title-2{margin-top:0px!important; margin-right:0px!important;margin-bottom:20px!important; margin-left:0px!important;}}<\/style><div class=\"fusion-title title fusion-title-2 fusion-sep-none fusion-title-center fusion-title-text fusion-title-size-six\" style=\"margin-top:0px;margin-right:0px;margin-bottom:15px;margin-left:0px;\"><h6 class=\"title-heading-center fusion-responsive-typography-calculated\" style=\"margin:0;--fontSize:30;line-height:1;\">Mis Convicciones<\/h6><\/div><div class=\"fusion-separator\" style=\"align-self: center;margin-left: auto;margin-right: auto;margin-bottom:20px;width:100%;max-width:100px;\"><div class=\"fusion-separator-border sep-single sep-solid\" style=\"border-color:var(--awb-color5);border-top-width:2px;\"><\/div><\/div><div class=\"fusion-video fusion-youtube\" style=\"max-width:600px;max-height:360px;align-self:center; width:100%;\"><div class=\"video-shortcode\"><div class=\"fluid-width-video-wrapper\" style=\"padding-top:60%;\" ><iframe title=\"YouTube video player 1\" src=\"https:\/\/www.youtube.com\/embed\/yuw-ajJCOpM?wmode=transparent&autoplay=0\" width=\"600\" height=\"360\" allowfullscreen allow=\"autoplay; fullscreen\"><\/iframe><\/div><\/div><\/div><\/div><style type=\"text\/css\">.fusion-body .fusion-builder-column-2{width:50% !important;margin-top : 0px;margin-bottom : 40px;}.fusion-builder-column-2 > .fusion-column-wrapper {padding-top : 0px !important;padding-right : 0px !important;margin-right : 0%;padding-bottom : 0px !important;padding-left : 0px !important;margin-left : 0%;}@media only screen and (max-width:1024px) {.fusion-body .fusion-builder-column-2{width:100% !important;order : 0;}.fusion-builder-column-2 > .fusion-column-wrapper {margin-right : 1.92%;margin-left : 1.92%;}}@media only screen and (max-width:800px) {.fusion-body .fusion-builder-column-2{width:100% !important;order : 0;margin-bottom : 20px;}.fusion-builder-column-2 > .fusion-column-wrapper {margin-right : 1.92%;padding-bottom : 0px !important;margin-left : 1.92%;}}<\/style><\/div><\/div><style type=\"text\/css\">.fusion-body .fusion-flex-container.fusion-builder-row-2{ padding-top : 1%;margin-top : 0px;padding-right : 0px;padding-bottom : 0px;margin-bottom : 0px;padding-left : 0px;}@media only screen and (max-width:800px) {.fusion-body .fusion-flex-container.fusion-builder-row-2{ margin-bottom : 30px;}}<\/style><\/div><div class=\"fusion-fullwidth fullwidth-box fusion-builder-row-3 fusion-flex-container has-pattern-background has-mask-background nonhundred-percent-fullwidth non-hundred-percent-height-scrolling\" style=\"background-color: rgba(255,255,255,0);background-position: center center;background-repeat: no-repeat;border-width: 0px 0px 0px 0px;border-color:hsla(var(--awb-color2-h),var(--awb-color2-s),var(--awb-color2-l),calc( var(--awb-color2-a) - 25% ));border-style:solid;\" ><div class=\"fusion-builder-row fusion-row fusion-flex-align-items-flex-start fusion-flex-justify-content-center\" style=\"max-width:1378px;margin-left: calc(-4% \/ 2 );margin-right: calc(-4% \/ 2 );\"><div class=\"fusion-layout-column fusion_builder_column fusion-builder-column-3 fusion-flex-column fusion-animated\" data-animationType=\"fadeInUp\" data-animationDuration=\"1.0\" data-animationOffset=\"top-into-view\"><div class=\"fusion-column-wrapper fusion-flex-justify-content-flex-start fusion-content-layout-column\" style=\"background-position:left top;background-repeat:no-repeat;-webkit-background-size:cover;-moz-background-size:cover;-o-background-size:cover;background-size:cover;padding: 0px 0px 0px 0px;\"><style type=\"text\/css\">@media only screen and (max-width:1024px) {.fusion-title.fusion-title-3{margin-top:0px!important; margin-right:0px!important;margin-bottom:15px!important;margin-left:0px!important;}}@media only screen and (max-width:800px) {.fusion-title.fusion-title-3{margin-top:0px!important; margin-right:0px!important;margin-bottom:20px!important; margin-left:0px!important;}}<\/style><div class=\"fusion-title title fusion-title-3 fusion-sep-none fusion-title-center fusion-title-text fusion-title-size-six\" style=\"margin-top:0px;margin-right:0px;margin-bottom:15px;margin-left:0px;\"><h6 class=\"title-heading-center fusion-responsive-typography-calculated\" style=\"margin:0;--fontSize:30;line-height:1;\">Comunicate Conmigo<\/h6><\/div><div class=\"fusion-separator\" style=\"align-self: center;margin-left: auto;margin-right: auto;margin-bottom:30px;width:100%;max-width:100px;\"><div class=\"fusion-separator-border sep-single sep-solid\" style=\"border-color:var(--awb-color5);border-top-width:2px;\"><\/div><\/div>\n<div class=\"wpcf7 no-js\" id=\"wpcf7-f3790-o1\" lang=\"es-ES\" dir=\"ltr\" data-wpcf7-id=\"3790\">\n<div class=\"screen-reader-response\"><p role=\"status\" aria-live=\"polite\" aria-atomic=\"true\"><\/p> <ul><\/ul><\/div>\n<form action=\"\/piensaenchile\/wp-json\/wp\/v2\/pages\/3321#wpcf7-f3790-o1\" method=\"post\" class=\"wpcf7-form init\" aria-label=\"Formulario de contacto\" novalidate=\"novalidate\" data-status=\"init\">\n<div style=\"display: none;\">\n<input type=\"hidden\" name=\"_wpcf7\" value=\"3790\" \/>\n<input type=\"hidden\" name=\"_wpcf7_version\" value=\"6.0.6\" \/>\n<input type=\"hidden\" name=\"_wpcf7_locale\" value=\"es_ES\" \/>\n<input type=\"hidden\" name=\"_wpcf7_unit_tag\" value=\"wpcf7-f3790-o1\" \/>\n<input type=\"hidden\" name=\"_wpcf7_container_post\" value=\"0\" \/>\n<input type=\"hidden\" name=\"_wpcf7_posted_data_hash\" value=\"\" \/>\n<input type=\"hidden\" name=\"_wpcf7_recaptcha_response\" value=\"\" \/>\n<\/div>\n<p><label> Nombre<br \/>\n<span class=\"wpcf7-form-control-wrap\" data-name=\"Nombre\"><input size=\"40\" maxlength=\"400\" class=\"wpcf7-form-control wpcf7-text wpcf7-validates-as-required\" aria-required=\"true\" aria-invalid=\"false\" value=\"\" type=\"text\" name=\"Nombre\" \/><\/span> <\/label>\n<\/p>\n<p><label> Correo electr\u00f3nico<br \/>\n<span class=\"wpcf7-form-control-wrap\" data-name=\"Email\"><input size=\"40\" maxlength=\"400\" class=\"wpcf7-form-control wpcf7-email wpcf7-validates-as-required wpcf7-text wpcf7-validates-as-email\" aria-required=\"true\" aria-invalid=\"false\" value=\"\" type=\"email\" name=\"Email\" \/><\/span> <\/label>\n<\/p>\n<p><label> Asunto<br \/>\n<span class=\"wpcf7-form-control-wrap\" data-name=\"Asunto\"><input size=\"40\" maxlength=\"400\" class=\"wpcf7-form-control wpcf7-text wpcf7-validates-as-required\" aria-required=\"true\" aria-invalid=\"false\" value=\"\" type=\"text\" name=\"Asunto\" \/><\/span> <\/label>\n<\/p>\n<p><label> Mensaje (opcional)<br \/>\n<span class=\"wpcf7-form-control-wrap\" data-name=\"Mensaje\"><textarea cols=\"40\" rows=\"10\" maxlength=\"2000\" class=\"wpcf7-form-control wpcf7-textarea\" aria-invalid=\"false\" name=\"Mensaje\"><\/textarea><\/span> <\/label>\n<\/p>\n<p><input class=\"wpcf7-form-control wpcf7-submit has-spinner\" type=\"submit\" value=\"Enviar\" \/>\n<\/p><div class=\"fusion-alert alert custom alert-custom fusion-alert-center wpcf7-response-output fusion-alert-capitalize alert-dismissable\" role=\"alert\" style=\"border-width:1px;\"><div class=\"fusion-alert-content-wrapper\"><span class=\"fusion-alert-content\"><\/span><\/div><button type=\"button\" class=\"close toggle-alert\" data-dismiss=\"alert\" aria-label=\"Close\">&times;<\/button><\/div>\n<\/form>\n<\/div>\n<\/div><style type=\"text\/css\">.fusion-body .fusion-builder-column-3{width:50% !important;margin-top : 0px;margin-bottom : 40px;}.fusion-builder-column-3 > .fusion-column-wrapper {padding-top : 0px !important;padding-right : 0px !important;margin-right : 0%;padding-bottom : 0px !important;padding-left : 0px !important;margin-left : 0%;}@media only screen and (max-width:1024px) {.fusion-body .fusion-builder-column-3{width:100% !important;order : 0;}.fusion-builder-column-3 > .fusion-column-wrapper {margin-right : 1.92%;margin-left : 1.92%;}}@media only screen and (max-width:800px) {.fusion-body .fusion-builder-column-3{width:100% !important;order : 0;}.fusion-builder-column-3 > .fusion-column-wrapper {margin-right : 1.92%;padding-bottom : 32px !important;margin-left : 1.92%;}}<\/style><\/div><\/div><style type=\"text\/css\">.fusion-body .fusion-flex-container.fusion-builder-row-3{ padding-top : 2%;margin-top : 0px;padding-right : 0px;padding-bottom : 0px;margin-bottom : 0px;padding-left : 0px;}<\/style><\/div><\/p>\n","protected":false},"excerpt":{"rendered":"","protected":false},"author":1,"featured_media":3488,"parent":0,"menu_order":0,"comment_status":"closed","ping_status":"closed","template":"","meta":{"footnotes":""},"class_list":["post-3321","page","type-page","status-publish","has-post-thumbnail","hentry"],"_links":{"self":[{"href":"https:\/\/www.pschile.cl\/piensaenchile\/wp-json\/wp\/v2\/pages\/3321","targetHints":{"allow":["GET"]}}],"collection":[{"href":"https:\/\/www.pschile.cl\/piensaenchile\/wp-json\/wp\/v2\/pages"}],"about":[{"href":"https:\/\/www.pschile.cl\/piensaenchile\/wp-json\/wp\/v2\/types\/page"}],"author":[{"embeddable":true,"href":"https:\/\/www.pschile.cl\/piensaenchile\/wp-json\/wp\/v2\/users\/1"}],"replies":[{"embeddable":true,"href":"https:\/\/www.pschile.cl\/piensaenchile\/wp-json\/wp\/v2\/comments?post=3321"}],"version-history":[{"count":3,"href":"https:\/\/www.pschile.cl\/piensaenchile\/wp-json\/wp\/v2\/pages\/3321\/revisions"}],"predecessor-version":[{"id":4288,"href":"https:\/\/www.pschile.cl\/piensaenchile\/wp-json\/wp\/v2\/pages\/3321\/revisions\/4288"}],"wp:featuredmedia":[{"embeddable":true,"href":"https:\/\/www.pschile.cl\/piensaenchile\/wp-json\/wp\/v2\/media\/3488"}],"wp:attachment":[{"href":"https:\/\/www.pschile.cl\/piensaenchile\/wp-json\/wp\/v2\/media?parent=3321"}],"curies":[{"name":"wp","href":"https:\/\/api.w.org\/{rel}","templated":true}]}}